{"id":611,"date":"2023-02-06T19:04:01","date_gmt":"2023-02-07T00:04:01","guid":{"rendered":"https:\/\/mujereslatinasbroward.org\/haz-una-donacion-ahora-mismo\/"},"modified":"2024-03-29T12:13:41","modified_gmt":"2024-03-29T16:13:41","slug":"haz-una-donacion-ahora-mismo","status":"publish","type":"page","link":"https:\/\/mujereslatinasbroward.org\/es\/haz-una-donacion-ahora-mismo\/","title":{"rendered":"\u00a1Haz una donaci\u00f3n ahora mismo!"},"content":{"rendered":"\n<p>Donar v\u00eda Zelle con este c\u00f3digo QR<\/p>\n\n<figure class=\"wp-block-image size-full\"><img fetchpriority=\"high\" decoding=\"async\" width=\"460\" height=\"448\" src=\"https:\/\/mujereslatinasbroward.org\/wp-content\/uploads\/2023\/11\/Zelle-ML.png\" alt=\"\" class=\"wp-image-558\" srcset=\"https:\/\/mujereslatinasbroward.org\/wp-content\/uploads\/2023\/11\/Zelle-ML.png 460w, https:\/\/mujereslatinasbroward.org\/wp-content\/uploads\/2023\/11\/Zelle-ML-300x292.png 300w\" sizes=\"(max-width: 460px) 100vw, 460px\" \/><\/figure>\n\n<p>o sigue el bot\u00f3n a continuaci\u00f3n para hacerlo con PayPal.<\/p>\n<div class=\"give-embed-form-wrapper\" id=\"give-69e4e6fb57da7\"><iframe\n\t\t\t\tname=\"give-embed-form\"\n\t\t\t\tsrc=\"https:\/\/mujereslatinasbroward.org\/es\/give\/donation-form\/?giveDonationFormInIframe=1\"\n\t\t\t\t\n\t\t\t\tdata-autoScroll=\"0\"\n\t\t\t\tonload=\"if( 'undefined' !== typeof Give ) { Give.initializeIframeResize(this) }\"\n\t\t\t\tstyle=\"border: 0;visibility: hidden;min-height: 598px;\"><\/iframe><div class=\"iframe-loader\">\n<div style=\"\n\t\theight: calc(100% - 28px);\n\t\twidth: calc(100% - 20px);\n\t\tmax-width: 552px;\n\t\tmargin: 10px auto 10px auto;\n\t\tbackground: transparent;\n\t\tborder-radius: 6px;\n\t\tdisplay: flex;\n\t\talign-items: center;\n\t\tjustify-content: center;\n\t\">\n    <div style=\"\n        pointer-events: none;\n        height: 90px;\n        width: 90px;\n        background-image: url(&quot;data:image\/svg+xml;charset=utf8,%3C?xml version='1.0' encoding='utf-8'?%3E%3C!-- Generator: Adobe Illustrator 24.1.0, SVG Export Plug-In . SVG Version: 6.00 Build 0) --%3E%3Csvg version='1.1' id='Layer_1' xmlns='http:\/\/www.w3.org\/2000\/svg' xmlns:xlink='http:\/\/www.w3.org\/1999\/xlink' x='0px' y='0px' viewBox='0 0 349 348' style='enable-background:new 0 0 349 348;' xml:space='preserve'%3E%3Cstyle type='text\/css'%3E .st0{fill:%23433d77;} %3C\/style%3E%3Cpath class='st0' d='M25.1,204.57c-13.38,0-24.47-10.6-24.97-24.08C0.04,178.09,0,175.97,0,174C0,77.78,78.28-0.5,174.5-0.5 c13.81,0,25,11.19,25,25s-11.19,25-25,25C105.85,49.5,50,105.35,50,174c0,1.37,0.03,2.85,0.1,4.65c0.51,13.8-10.27,25.39-24.07,25.9 C25.72,204.56,25.41,204.57,25.1,204.57z'\/%3E%3Cpath class='st0' d='M174.5,348.5c-13.81,0-25-11.19-25-25c0-13.81,11.19-25,25-25c68.65,0,124.5-55.85,124.5-124.5 c0-1.38-0.03-2.85-0.1-4.65c-0.51-13.8,10.26-25.4,24.06-25.91c13.83-0.53,25.4,10.26,25.91,24.06c0.09,2.39,0.13,4.51,0.13,6.49 C349,270.22,270.72,348.5,174.5,348.5z'\/%3E%3C\/svg%3E&quot;);\n        animation: spin 0.6s linear infinite;\n        \"><\/div>\n<\/div>\n<\/div><\/div>","protected":false},"excerpt":{"rendered":"<p>Donar v\u00eda Zelle con este c\u00f3digo QR o sigue el bot\u00f3n a continuaci\u00f3n para hacerlo con PayPal.<\/p>\n","protected":false},"author":2,"featured_media":0,"parent":0,"menu_order":0,"comment_status":"closed","ping_status":"closed","template":"","meta":{"give_campaign_id":0,"_surecart_dashboard_logo_width":"180px","_surecart_dashboard_show_logo":true,"_surecart_dashboard_navigation_orders":true,"_surecart_dashboard_navigation_invoices":true,"_surecart_dashboard_navigation_subscriptions":true,"_surecart_dashboard_navigation_downloads":true,"_surecart_dashboard_navigation_billing":true,"_surecart_dashboard_navigation_account":true,"hide_page_title":"","footnotes":""},"class_list":["post-611","page","type-page","status-publish","hentry"],"campaignId":"","_links":{"self":[{"href":"https:\/\/mujereslatinasbroward.org\/es\/wp-json\/wp\/v2\/pages\/611","targetHints":{"allow":["GET"]}}],"collection":[{"href":"https:\/\/mujereslatinasbroward.org\/es\/wp-json\/wp\/v2\/pages"}],"about":[{"href":"https:\/\/mujereslatinasbroward.org\/es\/wp-json\/wp\/v2\/types\/page"}],"author":[{"embeddable":true,"href":"https:\/\/mujereslatinasbroward.org\/es\/wp-json\/wp\/v2\/users\/2"}],"replies":[{"embeddable":true,"href":"https:\/\/mujereslatinasbroward.org\/es\/wp-json\/wp\/v2\/comments?post=611"}],"version-history":[{"count":1,"href":"https:\/\/mujereslatinasbroward.org\/es\/wp-json\/wp\/v2\/pages\/611\/revisions"}],"predecessor-version":[{"id":612,"href":"https:\/\/mujereslatinasbroward.org\/es\/wp-json\/wp\/v2\/pages\/611\/revisions\/612"}],"wp:attachment":[{"href":"https:\/\/mujereslatinasbroward.org\/es\/wp-json\/wp\/v2\/media?parent=611"}],"curies":[{"name":"wp","href":"https:\/\/api.w.org\/{rel}","templated":true}]}}