{"id":644,"date":"2024-04-17T12:07:56","date_gmt":"2024-04-17T16:07:56","guid":{"rendered":"https:\/\/mujereslatinasbroward.org\/?page_id=644"},"modified":"2025-11-06T17:33:20","modified_gmt":"2025-11-06T22:33:20","slug":"circulos-empoderamiento","status":"publish","type":"page","link":"https:\/\/mujereslatinasbroward.org\/es\/circulos-empoderamiento\/","title":{"rendered":"C\u00edrculos Empoderamiento"},"content":{"rendered":"\t\t<div data-elementor-type=\"wp-page\" data-elementor-id=\"644\" class=\"elementor elementor-644\">\n\t\t\t\t\t\t<section class=\"elementor-section elementor-top-section elementor-element elementor-element-f979e9c elementor-section-boxed elementor-section-height-default elementor-section-height-default\" data-id=\"f979e9c\" data-element_type=\"section\" data-e-type=\"section\">\n\t\t\t\t\t\t<div class=\"elementor-container elementor-column-gap-default\">\n\t\t\t\t\t<div class=\"elementor-column elementor-col-100 elementor-top-column elementor-element elementor-element-26d67b9c\" data-id=\"26d67b9c\" data-element_type=\"column\" data-e-type=\"column\">\n\t\t\t<div class=\"elementor-widget-wrap elementor-element-populated\">\n\t\t\t\t\t\t<div class=\"elementor-element elementor-element-566040ed elementor-widget elementor-widget-text-editor\" data-id=\"566040ed\" data-element_type=\"widget\" data-e-type=\"widget\" data-widget_type=\"text-editor.default\">\n\t\t\t\t<div class=\"elementor-widget-container\">\n\t\t\t\t\t\t\t\t\t<p style=\"text-align: center;\">TALLER:<br \/>MENTALIDAD C.R.E.A.Con la Mentora en Transformaci\u00f3n Personal<br \/>Gabriela Alemann<\/p><p style=\"text-align: center;\">DEL ESTANCAMIENTO AL \u00c9XITO<br \/>Transforma tus creencias, libera tu poder y crea resultados reales en tus negocios<\/p><p>En su gira Internacional, Gabriela Alemann nos ofrece un taller \u00fanico para:<\/p><ul><li>C\u00f3mo funciona tu mente y tu sistema de creencias ante los negocios<\/li><li>C\u00f3mo detectar y desactivar frenos mentales que nos impiden el \u00e9xito<\/li><li>C\u00f3mo cambiar nuestras percepciones, re-programar pensamientos limitantes y conectar con nuestro poder para actuar como un empresario de \u00e9xito.<\/li><\/ul><p style=\"text-align: center;\">viernes, 14 de noviembre &#8211; 12:00 pm &#8211; 2:00 pm<\/p><p>\u00a1Inscr\u00edbete hoy mismo!<br \/>Pizza Lovers Bistro Plantation<br \/>1860 N. Nob Hill Rd.<br \/>Plantation, FL 33322<\/p><div class=\"wp-block-columns\"><div class=\"wp-block-column\"><div class=\"wp-block-button\">\n\t<a\n\t\tclass=\"sc-button wp-element-button wp-block-button__link sc-button__link\"\n\t\thref=\"https:\/\/mujereslatinasbroward.org\/checkout\/?line_items%5B0%5D%5Bprice_id%5D=82bec47f-0332-4576-8926-4641232a2a5e&#038;line_items%5B0%5D%5Bquantity%5D=1&#038;no_cart=1\"\n\t\tstyle=\"\"\n\t>\n\t\t<span class=\"sc-button__link-text\">\n\t\t\tPagar una actividad especial por US$50 \t\t<\/span>\n\t<\/a>\n<\/div><\/div><\/div><p>Aceptamos todas las tarjetas principales.<\/p>\t\t\t\t\t\t\t\t<\/div>\n\t\t\t\t<\/div>\n\t\t\t\t\t<\/div>\n\t\t<\/div>\n\t\t\t\t\t<\/div>\n\t\t<\/section>\n\t\t\t\t<\/div>\n\t\t","protected":false},"excerpt":{"rendered":"<p>TALLER:MENTALIDAD C.R.E.A.Con la Mentora en Transformaci\u00f3n PersonalGabriela Alemann DEL ESTANCAMIENTO AL \u00c9XITOTransforma tus creencias, libera tu poder y crea resultados reales en tus negocios En su gira Internacional, Gabriela Alemann nos ofrece un taller \u00fanico para: C\u00f3mo funciona tu mente y tu sistema de creencias ante los negocios C\u00f3mo detectar y desactivar frenos mentales que [&hellip;]<\/p>\n","protected":false},"author":2,"featured_media":0,"parent":0,"menu_order":0,"comment_status":"closed","ping_status":"closed","template":"","meta":{"give_campaign_id":0,"_surecart_dashboard_logo_width":"180px","_surecart_dashboard_show_logo":true,"_surecart_dashboard_navigation_orders":true,"_surecart_dashboard_navigation_invoices":true,"_surecart_dashboard_navigation_subscriptions":true,"_surecart_dashboard_navigation_downloads":true,"_surecart_dashboard_navigation_billing":true,"_surecart_dashboard_navigation_account":true,"hide_page_title":"","footnotes":""},"class_list":["post-644","page","type-page","status-publish","hentry"],"campaignId":"","_links":{"self":[{"href":"https:\/\/mujereslatinasbroward.org\/es\/wp-json\/wp\/v2\/pages\/644","targetHints":{"allow":["GET"]}}],"collection":[{"href":"https:\/\/mujereslatinasbroward.org\/es\/wp-json\/wp\/v2\/pages"}],"about":[{"href":"https:\/\/mujereslatinasbroward.org\/es\/wp-json\/wp\/v2\/types\/page"}],"author":[{"embeddable":true,"href":"https:\/\/mujereslatinasbroward.org\/es\/wp-json\/wp\/v2\/users\/2"}],"replies":[{"embeddable":true,"href":"https:\/\/mujereslatinasbroward.org\/es\/wp-json\/wp\/v2\/comments?post=644"}],"version-history":[{"count":17,"href":"https:\/\/mujereslatinasbroward.org\/es\/wp-json\/wp\/v2\/pages\/644\/revisions"}],"predecessor-version":[{"id":790,"href":"https:\/\/mujereslatinasbroward.org\/es\/wp-json\/wp\/v2\/pages\/644\/revisions\/790"}],"wp:attachment":[{"href":"https:\/\/mujereslatinasbroward.org\/es\/wp-json\/wp\/v2\/media?parent=644"}],"curies":[{"name":"wp","href":"https:\/\/api.w.org\/{rel}","templated":true}]}}